{"id":13570,"date":"2026-01-08T14:30:16","date_gmt":"2026-01-08T14:30:16","guid":{"rendered":"https:\/\/www.turitop.com\/?post_type=product&#038;p=13570"},"modified":"2026-04-06T14:16:19","modified_gmt":"2026-04-06T14:16:19","slug":"gonzalo-henao-benfenati","status":"publish","type":"product","link":"https:\/\/www.turitop.com\/en\/product\/partners\/gonzalo-henao-benfenati\/","title":{"rendered":"Gonzalo Henao Benfenati"},"content":{"rendered":"<p>As a web designer, specialising in UI Design, Graphic Design and Front-End development. Graduated in Graphic Design from the Universidad Jorge Tadeo Lozano and with a postgraduate degree in Web Design and Programming from the Universitat Oberta de Catalunya.<\/p>","protected":false},"excerpt":{"rendered":"<p>As a web designer, specialising in UI Design, Graphic Design and Front-End development. Graduated in Graphic Design from the Universidad Jorge Tadeo Lozano and with a postgraduate degree in Web Design and Programming from the Universitat Oberta de Catalunya.<\/p>","protected":false},"featured_media":13571,"comment_status":"open","ping_status":"closed","template":"","meta":{"_acf_changed":false,"_kad_blocks_custom_css":"","_kad_blocks_head_custom_js":"","_kad_blocks_body_custom_js":"","_kad_blocks_footer_custom_js":"","_kad_post_transparent":"default","_kad_post_title":"","_kad_post_layout":"default","_kad_post_sidebar_id":"","_kad_post_content_style":"default","_kad_post_vertical_padding":"default","_kad_post_feature":"","_kad_post_feature_position":"","_kad_post_header":false,"_kad_post_footer":false,"_kad_post_classname":"","_glsr_average":5,"_glsr_ranking":3.6363636363636,"_glsr_reviews":1},"product_brand":[],"product_cat":[169],"product_tag":[189,190,192,175],"class_list":{"0":"post-13570","1":"product","2":"type-product","3":"status-publish","4":"has-post-thumbnail","6":"product_cat-partners","7":"product_tag-diseno-grafico","8":"product_tag-diseno-ui","9":"product_tag-seo","10":"product_tag-webmaster","12":"first","13":"instock","14":"downloadable","15":"virtual","16":"product-type-simple","17":"entry","18":"content-bg","19":"loop-entry"},"acf":[],"taxonomy_info":{"product_cat":[{"value":169,"label":"Partners"}],"product_tag":[{"value":189,"label":"Dise\u00f1o Gr\u00e1fico"},{"value":190,"label":"Dise\u00f1o UI"},{"value":192,"label":"SEO"},{"value":175,"label":"WebMaster"}]},"featured_image_src_large":["https:\/\/media.turitop.com\/production-web\/2026\/01\/foto-perfil.jpg",720,773,false],"author_info":[],"comment_info":0,"_links":{"self":[{"href":"https:\/\/www.turitop.com\/en\/wp-json\/wp\/v2\/product\/13570","targetHints":{"allow":["GET"]}}],"collection":[{"href":"https:\/\/www.turitop.com\/en\/wp-json\/wp\/v2\/product"}],"about":[{"href":"https:\/\/www.turitop.com\/en\/wp-json\/wp\/v2\/types\/product"}],"replies":[{"embeddable":true,"href":"https:\/\/www.turitop.com\/en\/wp-json\/wp\/v2\/comments?post=13570"}],"wp:featuredmedia":[{"embeddable":true,"href":"https:\/\/www.turitop.com\/en\/wp-json\/wp\/v2\/media\/13571"}],"wp:attachment":[{"href":"https:\/\/www.turitop.com\/en\/wp-json\/wp\/v2\/media?parent=13570"}],"wp:term":[{"taxonomy":"product_brand","embeddable":true,"href":"https:\/\/www.turitop.com\/en\/wp-json\/wp\/v2\/product_brand?post=13570"},{"taxonomy":"product_cat","embeddable":true,"href":"https:\/\/www.turitop.com\/en\/wp-json\/wp\/v2\/product_cat?post=13570"},{"taxonomy":"product_tag","embeddable":true,"href":"https:\/\/www.turitop.com\/en\/wp-json\/wp\/v2\/product_tag?post=13570"}],"curies":[{"name":"wp","href":"https:\/\/api.w.org\/{rel}","templated":true}]}}