{"id":15059,"date":"2026-02-10T16:23:40","date_gmt":"2026-02-10T16:23:40","guid":{"rendered":"https:\/\/www.turitop.com\/?post_type=product&#038;p=15059"},"modified":"2026-04-06T14:14:32","modified_gmt":"2026-04-06T14:14:32","slug":"your-idea-is-cool-agency","status":"publish","type":"product","link":"https:\/\/www.turitop.com\/en\/partner\/your-idea-is-cool-agency\/","title":{"rendered":"Tu Idea Mola Agency"},"content":{"rendered":"<p>Tu Idea Mola is a 360 digital marketing agency specialised in creating, launching and growing brands. We work from strategy and branding to web design, social media management, Paid Media campaigns (SEM and Social Ads), SEO, email marketing and AI solutions for companies. We become our clients' digital partner to help them attract more customers, sell more and consolidate their presence in the online environment.<\/p>","protected":false},"excerpt":{"rendered":"<p>Tu Idea Mola es una agencia de marketing digital 360 especializada en crear, lanzar y hacer crecer marcas. Trabajamos desde la estrategia y el branding hasta el dise\u00f1o web, la gesti\u00f3n de redes sociales, campa\u00f1as de Paid Media (SEM y Social Ads), SEO, email marketing y soluciones de IA para empresas. Nos convertimos en el&#8230;<\/p>","protected":false},"featured_media":15084,"comment_status":"open","ping_status":"closed","template":"","meta":{"_acf_changed":false,"_kad_blocks_custom_css":"","_kad_blocks_head_custom_js":"","_kad_blocks_body_custom_js":"","_kad_blocks_footer_custom_js":"","_kad_post_transparent":"default","_kad_post_title":"","_kad_post_layout":"default","_kad_post_sidebar_id":"","_kad_post_content_style":"default","_kad_post_vertical_padding":"default","_kad_post_feature":"","_kad_post_feature_position":"","_kad_post_header":false,"_kad_post_footer":false,"_kad_post_classname":"","_glsr_average":0,"_glsr_ranking":0,"_glsr_reviews":0},"product_brand":[],"product_cat":[169],"product_tag":[221,223,204,189,190,199,222,207,192],"class_list":{"0":"post-15059","1":"product","2":"type-product","3":"status-publish","4":"has-post-thumbnail","6":"product_cat-partners","7":"product_tag-auditoria-de-marketing","8":"product_tag-branding","9":"product_tag-desarrollo","10":"product_tag-diseno-grafico","11":"product_tag-diseno-ui","12":"product_tag-marketing-digital","13":"product_tag-merchandising","14":"product_tag-sem","15":"product_tag-seo","17":"first","18":"instock","19":"shipping-taxable","20":"product-type-simple","21":"entry","22":"content-bg","23":"loop-entry"},"acf":[],"taxonomy_info":{"product_cat":[{"value":169,"label":"Partners"}],"product_tag":[{"value":221,"label":"Auditor\u00eda de Marketing"},{"value":223,"label":"Branding"},{"value":204,"label":"Desarrollo"},{"value":189,"label":"Dise\u00f1o Gr\u00e1fico"},{"value":190,"label":"Dise\u00f1o UI"},{"value":199,"label":"Marketing Digital"},{"value":222,"label":"Merchandising"},{"value":207,"label":"SEM"},{"value":192,"label":"SEO"}]},"featured_image_src_large":["https:\/\/media.turitop.com\/production-web\/2026\/02\/Logo-Tim.jpg",600,600,false],"author_info":[],"comment_info":0,"_links":{"self":[{"href":"https:\/\/www.turitop.com\/en\/wp-json\/wp\/v2\/product\/15059","targetHints":{"allow":["GET"]}}],"collection":[{"href":"https:\/\/www.turitop.com\/en\/wp-json\/wp\/v2\/product"}],"about":[{"href":"https:\/\/www.turitop.com\/en\/wp-json\/wp\/v2\/types\/product"}],"replies":[{"embeddable":true,"href":"https:\/\/www.turitop.com\/en\/wp-json\/wp\/v2\/comments?post=15059"}],"wp:featuredmedia":[{"embeddable":true,"href":"https:\/\/www.turitop.com\/en\/wp-json\/wp\/v2\/media\/15084"}],"wp:attachment":[{"href":"https:\/\/www.turitop.com\/en\/wp-json\/wp\/v2\/media?parent=15059"}],"wp:term":[{"taxonomy":"product_brand","embeddable":true,"href":"https:\/\/www.turitop.com\/en\/wp-json\/wp\/v2\/product_brand?post=15059"},{"taxonomy":"product_cat","embeddable":true,"href":"https:\/\/www.turitop.com\/en\/wp-json\/wp\/v2\/product_cat?post=15059"},{"taxonomy":"product_tag","embeddable":true,"href":"https:\/\/www.turitop.com\/en\/wp-json\/wp\/v2\/product_tag?post=15059"}],"curies":[{"name":"wp","href":"https:\/\/api.w.org\/{rel}","templated":true}]}}