{"id":15123,"date":"2026-02-10T17:52:59","date_gmt":"2026-02-10T17:52:59","guid":{"rendered":"https:\/\/www.turitop.com\/?post_type=product&#038;p=15123"},"modified":"2026-04-06T14:14:04","modified_gmt":"2026-04-06T14:14:04","slug":"lamberto-ruiz","status":"publish","type":"product","link":"https:\/\/www.turitop.com\/en\/partner\/lamberto-ruiz\/","title":{"rendered":"Lamberto Ruiz"},"content":{"rendered":"<p>I'm Lamberto Ruiz (PinWeb), expert developer in WordPress and Shopify.<\/p>\n<p>Beyond designing websites, I act as your integral technical partner. I take care of all the \u00abinvisible\u00bb part that often causes headaches: domains, corporate emails, servers and maintenance. Whether it's for a company website or an online shop, I take care of the technical complexity so that you only have to worry about growing your project.<\/p>","protected":false},"excerpt":{"rendered":"<p>Soy Lamberto Ruiz (PinWeb), desarrollador experto en WordPress y Shopify. M\u00e1s all\u00e1 de dise\u00f1ar p\u00e1ginas web, act\u00fao como tu socio t\u00e9cnico integral. Me encargo de solucionar toda la parte \u00abinvisible\u00bb que suele dar dolores de cabeza: dominios, correos corporativos, servidores y mantenimiento. Ya sea para una web de empresa o una tienda online, yo me&#8230;<\/p>","protected":false},"featured_media":15124,"comment_status":"open","ping_status":"closed","template":"","meta":{"_acf_changed":false,"_kad_blocks_custom_css":"","_kad_blocks_head_custom_js":"","_kad_blocks_body_custom_js":"","_kad_blocks_footer_custom_js":"","_kad_post_transparent":"default","_kad_post_title":"","_kad_post_layout":"default","_kad_post_sidebar_id":"","_kad_post_content_style":"default","_kad_post_vertical_padding":"default","_kad_post_feature":"","_kad_post_feature_position":"","_kad_post_header":false,"_kad_post_footer":false,"_kad_post_classname":"","_glsr_average":0,"_glsr_ranking":0,"_glsr_reviews":0},"product_brand":[],"product_cat":[169],"product_tag":[228,231,175,217],"class_list":{"0":"post-15123","1":"product","2":"type-product","3":"status-publish","4":"has-post-thumbnail","6":"product_cat-partners","7":"product_tag-laravel","8":"product_tag-php-developer","9":"product_tag-webmaster","10":"product_tag-wordpress","12":"first","13":"instock","14":"shipping-taxable","15":"product-type-simple","16":"entry","17":"content-bg","18":"loop-entry"},"acf":[],"taxonomy_info":{"product_cat":[{"value":169,"label":"Partners"}],"product_tag":[{"value":228,"label":"Laravel"},{"value":231,"label":"PHP Developer"},{"value":175,"label":"WebMaster"},{"value":217,"label":"Wordpress"}]},"featured_image_src_large":["https:\/\/media.turitop.com\/production-web\/2026\/02\/1699225497659.jpeg",400,400,false],"author_info":[],"comment_info":0,"_links":{"self":[{"href":"https:\/\/www.turitop.com\/en\/wp-json\/wp\/v2\/product\/15123","targetHints":{"allow":["GET"]}}],"collection":[{"href":"https:\/\/www.turitop.com\/en\/wp-json\/wp\/v2\/product"}],"about":[{"href":"https:\/\/www.turitop.com\/en\/wp-json\/wp\/v2\/types\/product"}],"replies":[{"embeddable":true,"href":"https:\/\/www.turitop.com\/en\/wp-json\/wp\/v2\/comments?post=15123"}],"wp:featuredmedia":[{"embeddable":true,"href":"https:\/\/www.turitop.com\/en\/wp-json\/wp\/v2\/media\/15124"}],"wp:attachment":[{"href":"https:\/\/www.turitop.com\/en\/wp-json\/wp\/v2\/media?parent=15123"}],"wp:term":[{"taxonomy":"product_brand","embeddable":true,"href":"https:\/\/www.turitop.com\/en\/wp-json\/wp\/v2\/product_brand?post=15123"},{"taxonomy":"product_cat","embeddable":true,"href":"https:\/\/www.turitop.com\/en\/wp-json\/wp\/v2\/product_cat?post=15123"},{"taxonomy":"product_tag","embeddable":true,"href":"https:\/\/www.turitop.com\/en\/wp-json\/wp\/v2\/product_tag?post=15123"}],"curies":[{"name":"wp","href":"https:\/\/api.w.org\/{rel}","templated":true}]}}