{"id":15128,"date":"2026-02-10T18:11:53","date_gmt":"2026-02-10T18:11:53","guid":{"rendered":"https:\/\/www.turitop.com\/?post_type=product&#038;p=15128"},"modified":"2026-04-06T14:13:58","modified_gmt":"2026-04-06T14:13:58","slug":"fuerteseo","status":"publish","type":"product","link":"https:\/\/www.turitop.com\/en\/partner\/fuerteseo\/","title":{"rendered":"FuerteSEO"},"content":{"rendered":"<p>We are a small agency specialising in Local SEO and starting businesses from scratch. We analyse your idea and help you shape it with the right tools, studying alternatives, discovering opportunities in the market and taking into account profitability and improving ROI.<\/p>\n<p>We use tools such as WordPress, WooCommerce, SureCart and Shopify to create your booking website or online shop and help you automate all the processes you need using \u00abn8n\u00bb and other tools, saving a lot of time on repetitive tasks.<\/p>\n<p>Some of our most recent and relevant certifications are the SEO Master and the AI Master of Big SEO and Big School. However, this is a sector that forces us to continually renew ourselves.<\/p>","protected":false},"excerpt":{"rendered":"<p>We are a small agency specialising in Local SEO and starting businesses from scratch. We analyse your idea and help you shape it with the right tools, studying alternatives, discovering opportunities in the market and taking into account profitability and improving ROI. We use tools like WordPress, WooCommerce, SureCart and Shopify to create your site...<\/p>","protected":false},"featured_media":15130,"comment_status":"open","ping_status":"closed","template":"","meta":{"_acf_changed":false,"_kad_blocks_custom_css":"","_kad_blocks_head_custom_js":"","_kad_blocks_body_custom_js":"","_kad_blocks_footer_custom_js":"","_kad_post_transparent":"default","_kad_post_title":"","_kad_post_layout":"default","_kad_post_sidebar_id":"","_kad_post_content_style":"default","_kad_post_vertical_padding":"default","_kad_post_feature":"","_kad_post_feature_position":"","_kad_post_header":false,"_kad_post_footer":false,"_kad_post_classname":"","_glsr_average":0,"_glsr_ranking":0,"_glsr_reviews":0},"product_brand":[],"product_cat":[169],"product_tag":[196,223,230,189,190,195,192],"class_list":{"0":"post-15128","1":"product","2":"type-product","3":"status-publish","4":"has-post-thumbnail","6":"product_cat-partners","7":"product_tag-automatizacion-de-procesos","8":"product_tag-branding","9":"product_tag-consultoria","10":"product_tag-diseno-grafico","11":"product_tag-diseno-ui","12":"product_tag-integraciones-con-sistemas-de-reservas","13":"product_tag-seo","15":"first","16":"instock","17":"shipping-taxable","18":"product-type-simple","19":"entry","20":"content-bg","21":"loop-entry"},"acf":[],"taxonomy_info":{"product_cat":[{"value":169,"label":"Partners"}],"product_tag":[{"value":196,"label":"Automatizaci\u00f3n de procesos"},{"value":223,"label":"Branding"},{"value":230,"label":"Consultor\u00eda"},{"value":189,"label":"Dise\u00f1o Gr\u00e1fico"},{"value":190,"label":"Dise\u00f1o UI"},{"value":195,"label":"Integraciones con sistemas de reservas"},{"value":192,"label":"SEO"}]},"featured_image_src_large":["https:\/\/media.turitop.com\/production-web\/2026\/02\/logo-fuerte-seo.jpg",600,600,false],"author_info":[],"comment_info":0,"_links":{"self":[{"href":"https:\/\/www.turitop.com\/en\/wp-json\/wp\/v2\/product\/15128","targetHints":{"allow":["GET"]}}],"collection":[{"href":"https:\/\/www.turitop.com\/en\/wp-json\/wp\/v2\/product"}],"about":[{"href":"https:\/\/www.turitop.com\/en\/wp-json\/wp\/v2\/types\/product"}],"replies":[{"embeddable":true,"href":"https:\/\/www.turitop.com\/en\/wp-json\/wp\/v2\/comments?post=15128"}],"wp:featuredmedia":[{"embeddable":true,"href":"https:\/\/www.turitop.com\/en\/wp-json\/wp\/v2\/media\/15130"}],"wp:attachment":[{"href":"https:\/\/www.turitop.com\/en\/wp-json\/wp\/v2\/media?parent=15128"}],"wp:term":[{"taxonomy":"product_brand","embeddable":true,"href":"https:\/\/www.turitop.com\/en\/wp-json\/wp\/v2\/product_brand?post=15128"},{"taxonomy":"product_cat","embeddable":true,"href":"https:\/\/www.turitop.com\/en\/wp-json\/wp\/v2\/product_cat?post=15128"},{"taxonomy":"product_tag","embeddable":true,"href":"https:\/\/www.turitop.com\/en\/wp-json\/wp\/v2\/product_tag?post=15128"}],"curies":[{"name":"wp","href":"https:\/\/api.w.org\/{rel}","templated":true}]}}