{"id":15179,"date":"2026-02-11T12:17:26","date_gmt":"2026-02-11T12:17:26","guid":{"rendered":"https:\/\/www.turitop.com\/?post_type=product&#038;p=15179"},"modified":"2026-04-06T14:12:18","modified_gmt":"2026-04-06T14:12:18","slug":"juan-sacristan","status":"publish","type":"product","link":"https:\/\/www.turitop.com\/en\/partner\/juan-sacristan\/","title":{"rendered":"Juan Sacrist\u00e1n"},"content":{"rendered":"<p>Graduate of Graphic Design - Universidad Jorge Tadeo Lozano<br \/>\nFull Stack Web Development - BIT - Corporaci\u00f3n Universitaria Iberoamericana<br \/>\nUX\/UI Design - CoderHouse<\/p>","protected":false},"excerpt":{"rendered":"<p>Graphic Design Graduate - Universidad Jorge Tadeo Lozano Full Stack Web Development - BIT - Corporaci\u00f3n Universitaria Iberoamericana UX\/UI Design - CoderHouse<\/p>","protected":false},"featured_media":15180,"comment_status":"open","ping_status":"closed","template":"","meta":{"_acf_changed":false,"_kad_blocks_custom_css":"","_kad_blocks_head_custom_js":"","_kad_blocks_body_custom_js":"","_kad_blocks_footer_custom_js":"","_kad_post_transparent":"default","_kad_post_title":"","_kad_post_layout":"default","_kad_post_sidebar_id":"","_kad_post_content_style":"default","_kad_post_vertical_padding":"default","_kad_post_feature":"","_kad_post_feature_position":"","_kad_post_header":false,"_kad_post_footer":false,"_kad_post_classname":"","_glsr_average":0,"_glsr_ranking":0,"_glsr_reviews":0},"product_brand":[],"product_cat":[169],"product_tag":[189,190,234,175],"class_list":{"0":"post-15179","1":"product","2":"type-product","3":"status-publish","4":"has-post-thumbnail","6":"product_cat-partners","7":"product_tag-diseno-grafico","8":"product_tag-diseno-ui","9":"product_tag-diseno-ux","10":"product_tag-webmaster","12":"first","13":"instock","14":"shipping-taxable","15":"product-type-simple","16":"entry","17":"content-bg","18":"loop-entry"},"acf":[],"taxonomy_info":{"product_cat":[{"value":169,"label":"Partners"}],"product_tag":[{"value":189,"label":"Dise\u00f1o Gr\u00e1fico"},{"value":190,"label":"Dise\u00f1o UI"},{"value":234,"label":"Dise\u00f1o UX"},{"value":175,"label":"WebMaster"}]},"featured_image_src_large":["https:\/\/media.turitop.com\/production-web\/2026\/02\/webmaster-juan-sacristan.jpg",599,600,false],"author_info":[],"comment_info":0,"_links":{"self":[{"href":"https:\/\/www.turitop.com\/en\/wp-json\/wp\/v2\/product\/15179","targetHints":{"allow":["GET"]}}],"collection":[{"href":"https:\/\/www.turitop.com\/en\/wp-json\/wp\/v2\/product"}],"about":[{"href":"https:\/\/www.turitop.com\/en\/wp-json\/wp\/v2\/types\/product"}],"replies":[{"embeddable":true,"href":"https:\/\/www.turitop.com\/en\/wp-json\/wp\/v2\/comments?post=15179"}],"wp:featuredmedia":[{"embeddable":true,"href":"https:\/\/www.turitop.com\/en\/wp-json\/wp\/v2\/media\/15180"}],"wp:attachment":[{"href":"https:\/\/www.turitop.com\/en\/wp-json\/wp\/v2\/media?parent=15179"}],"wp:term":[{"taxonomy":"product_brand","embeddable":true,"href":"https:\/\/www.turitop.com\/en\/wp-json\/wp\/v2\/product_brand?post=15179"},{"taxonomy":"product_cat","embeddable":true,"href":"https:\/\/www.turitop.com\/en\/wp-json\/wp\/v2\/product_cat?post=15179"},{"taxonomy":"product_tag","embeddable":true,"href":"https:\/\/www.turitop.com\/en\/wp-json\/wp\/v2\/product_tag?post=15179"}],"curies":[{"name":"wp","href":"https:\/\/api.w.org\/{rel}","templated":true}]}}